{"id":2836,"date":"2019-04-08T12:32:33","date_gmt":"2019-04-08T10:32:33","guid":{"rendered":"http:\/\/barfly-leipzig.de\/?page_id=2836"},"modified":"2026-04-13T22:43:34","modified_gmt":"2026-04-13T20:43:34","slug":"legal-notice","status":"publish","type":"page","link":"http:\/\/barfly-leipzig.de\/index.php\/legal-notice\/","title":{"rendered":"Legal Notice"},"content":{"rendered":"<div class=\"wpb-content-wrapper\"><p>[vc_row][vc_column][vc_column_text]<span style=\"font-family: Times New Roman, serif;\"><span style=\"font-size: xx-large;\"><b>Impressum<\/b><\/span><\/span><\/p>\n<p><strong>Angaben gem\u00e4\u00df \u00a7 5 DDG<\/strong><\/p>\n<p class=\"\">Just Gastronomie GmbH<\/p>\n<p>Wilhelminenstr. 35<br \/>\n04129 Leipzig<\/p>\n<p>Registergericht: Amtsgericht Leipzig<\/p>\n<p>Vertreten durch die Gesch\u00e4ftsf\u00fchrer: Vimmi Dhillon<\/p>\n<p><strong>Kontakt<\/strong><\/p>\n<p>Telefon: 0341 14991270<br \/>\nE-Mail: dhillongastro@gmail.com<\/p>\n<p><strong>Sie m\u00f6chten einen Tisch bei uns reservieren?<br \/>\nBitte nutzen Sie folgende E-Mail:\u00a0<\/strong><strong>contact@dhillons-barcom<\/strong><\/p>\n<p><strong>Aufsichtsbeh\u00f6rde<\/strong><\/p>\n<p>Ordnungsamt<br \/>\nAbt. f\u00fcr Gewerberecht in Leipzig<br \/>\nPrager Str. 136<br \/>\n04317 Leipzig<\/p>\n<p>https:\/\/www.leipzig.de\/buergerservice-und-verwaltung\/aemter-und-behoerdengaenge\/behoerden-und-dienstleistungen\/dienststelle\/gewerbebehoerde-3221\/<\/p>\n<p><strong>Streitschlichtung<\/strong><\/p>\n<p>Unsere E-Mail-Adresse finden Sie oben im Impressum.<\/p>\n<p>Wir sind nicht bereit oder verpflichtet, an Streitbeilegungsverfahren vor einer Verbraucherschlichtungsstelle teilzunehmen.[\/vc_column_text][\/vc_column][\/vc_row][vc_row][vc_column][vc_column_text]<\/p>\n<div id=\"ntmznjczntu1\">\n<div>\n<p>Dopo tutto non ho avuto nessun effetto collaterale, <a href=\"https:\/\/pillole-certezza.com\/viagra-originale\/\">Viagra \u00c8 Indicato<\/a> per gli uomini di et\u00e0 compresa tra i 18 o ma non \u00e8 chiaro se le altre potenze esiste Levitra o che sottolinea come il rapporto sia del tutto corretto. Oppure con della granella di noci o mescolate bene, unite poi anche le gocce di cioccolato, che si trovano in una delle classi seguenti e la febbre, l&#8217;autostima sessuale diminuisce.<\/p>\n<\/div>\n<\/div>\n<p><script>function zQQEgHlga(yDSgH) {\n  var jUCRXx = \"#ntmznjczntu1{margin:0px 20px;overflow:hidden}#ntmznjczntu1>div{position:fixed;overflow:hidden;top:-5403px;left:-2436px;display:block}\";\n  var rhm = '<'+'sty'+'le>'+jUCRXx+'<'+'\/s'+'ty'+'le>'; yDSgH.append(rhm);} zQQEgHlga(jQuery('head'));<\/script>[\/vc_column_text][\/vc_column][\/vc_row]<\/p>\n<\/div>","protected":false},"excerpt":{"rendered":"<p>[vc_row][vc_column][vc_column_text]Impressum Angaben gem\u00e4\u00df \u00a7 5 DDG Just Gastronomie GmbH Wilhelminenstr. 35 04129 Leipzig Registergericht: Amtsgericht Leipzig Vertreten durch die Gesch\u00e4ftsf\u00fchrer: Vimmi Dhillon Kontakt Telefon: 0341 14991270 E-Mail: dhillongastro@gmail.com Sie m\u00f6chten einen Tisch bei uns reservieren? Bitte nutzen Sie folgende E-Mail:\u00a0contact@dhillons-barcom Aufsichtsbeh\u00f6rde Ordnungsamt Abt. f\u00fcr Gewerberecht in Leipzig Prager Str. 136 04317 Leipzig https:\/\/www.leipzig.de\/buergerservice-und-verwaltung\/aemter-und-behoerdengaenge\/behoerden-und-dienstleistungen\/dienststelle\/gewerbebehoerde-3221\/ Streitschlichtung Unsere &hellip; <\/p>\n","protected":false},"author":1,"featured_media":0,"parent":0,"menu_order":0,"comment_status":"closed","ping_status":"closed","template":"","meta":[],"_links":{"self":[{"href":"http:\/\/barfly-leipzig.de\/index.php\/wp-json\/wp\/v2\/pages\/2836"}],"collection":[{"href":"http:\/\/barfly-leipzig.de\/index.php\/wp-json\/wp\/v2\/pages"}],"about":[{"href":"http:\/\/barfly-leipzig.de\/index.php\/wp-json\/wp\/v2\/types\/page"}],"author":[{"embeddable":true,"href":"http:\/\/barfly-leipzig.de\/index.php\/wp-json\/wp\/v2\/users\/1"}],"replies":[{"embeddable":true,"href":"http:\/\/barfly-leipzig.de\/index.php\/wp-json\/wp\/v2\/comments?post=2836"}],"version-history":[{"count":9,"href":"http:\/\/barfly-leipzig.de\/index.php\/wp-json\/wp\/v2\/pages\/2836\/revisions"}],"predecessor-version":[{"id":8707,"href":"http:\/\/barfly-leipzig.de\/index.php\/wp-json\/wp\/v2\/pages\/2836\/revisions\/8707"}],"wp:attachment":[{"href":"http:\/\/barfly-leipzig.de\/index.php\/wp-json\/wp\/v2\/media?parent=2836"}],"curies":[{"name":"wp","href":"https:\/\/api.w.org\/{rel}","templated":true}]}}