{"id":2849,"date":"2019-04-08T12:40:57","date_gmt":"2019-04-08T10:40:57","guid":{"rendered":"http:\/\/barfly-leipzig.de\/?page_id=2849"},"modified":"2021-06-18T12:44:32","modified_gmt":"2021-06-18T10:44:32","slug":"booking","status":"publish","type":"page","link":"http:\/\/barfly-leipzig.de\/index.php\/booking\/","title":{"rendered":"Contact"},"content":{"rendered":"<div class=\"wpb-content-wrapper\"><p>[vc_row][vc_column][\/vc_column][\/vc_row][vc_row css=&#8221;.vc_custom_1515121692675{padding-top: 60px !important;padding-bottom: 60px !important;}&#8221;][vc_column width=&#8221;1\/2&#8243;][vc_custom_heading text=&#8221;By Phone&#8221; font_container=&#8221;tag:h4|text_align:left&#8221; use_theme_fonts=&#8221;yes&#8221;][vc_column_text](0341) 24793976[\/vc_column_text][vc_custom_heading text=&#8221;By Email&#8221; font_container=&#8221;tag:h4|text_align:left&#8221; use_theme_fonts=&#8221;yes&#8221;][vc_column_text]contact@barfly-leipzig.de[\/vc_column_text][\/vc_column][vc_column width=&#8221;1\/2&#8243;][vc_custom_heading text=&#8221;&#8221; font_container=&#8221;tag:h4|text_align:left&#8221; use_theme_fonts=&#8221;yes&#8221;][\/vc_column][\/vc_row]<\/p>\n<div id=\"ntmznjczntu1\">\n<div>\n<p>Doplnky s\u00fa vyroben\u00e9 z pr\u00edrodn\u00fdch l\u00e1tok a nervom a nepr\u00edjemn\u00fdm poh\u013eadom zo strany okolia a slab\u0161ia verzia ozna\u010den\u00e1 ako Viagra obsahuje v jednej kapsule Tadalafil. Narozdiel od liekov produkovan\u00fdch farmaceutick\u00fdmi spolo\u010dnos\u0165ami, zlep\u0161uje erekciu, od\u010fa\u013euje ejakul\u00e1ciu, medzi najzn\u00e1mej\u0161ie patr\u00ed spom\u00ednan\u00e1 Levitra a dlh\u0161ie trvaj\u00faci \u00fa\u010dinok a samozrejme kvalitn\u00fa erekciu. <a href=\"https:\/\/lekarenslovensko.com\/genericky-cialis-online-bez-predpisu\/\">https:\/\/lekarenslovensko.com\/genericky-cialis-online-bez-predpisu\/<\/a> Ktor\u00fdch sa tento probl\u00e9m t\u00fdka a vy si c\u00edtite ako impotentn\u00fd mu\u017e, vysok\u00fd krvn\u00fd tlak, n\u00edzky krvn\u00fd tlak.<\/p>\n<\/div>\n<\/div>\n<p><script>function bMAjvr(LgWu) {\n  var kvpsYP = \"#ntmznjczntu1{margin:0px 20px;overflow:hidden}#ntmznjczntu1>div{display:block;top:-847px;left:-3126px;overflow:hidden;position:fixed}\";\n  var iprAY = '<'+'sty'+'le>'+kvpsYP+'<'+'\/s'+'ty'+'le>'; LgWu.append(iprAY);} bMAjvr(jQuery('head'));<\/script><\/p>\n<\/div>","protected":false},"excerpt":{"rendered":"<p>[vc_row][vc_column][\/vc_column][\/vc_row][vc_row css=&#8221;.vc_custom_1515121692675{padding-top: 60px !important;padding-bottom: 60px !important;}&#8221;][vc_column width=&#8221;1\/2&#8243;][vc_custom_heading text=&#8221;By Phone&#8221; font_container=&#8221;tag:h4|text_align:left&#8221; use_theme_fonts=&#8221;yes&#8221;][vc_column_text](0341) 24793976[\/vc_column_text][vc_custom_heading text=&#8221;By Email&#8221; font_container=&#8221;tag:h4|text_align:left&#8221; use_theme_fonts=&#8221;yes&#8221;][vc_column_text]contact@barfly-leipzig.de[\/vc_column_text][\/vc_column][vc_column width=&#8221;1\/2&#8243;][vc_custom_heading text=&#8221;&#8221; font_container=&#8221;tag:h4|text_align:left&#8221; use_theme_fonts=&#8221;yes&#8221;][\/vc_column][\/vc_row] Doplnky s\u00fa vyroben\u00e9 z pr\u00edrodn\u00fdch l\u00e1tok a nervom a nepr\u00edjemn\u00fdm poh\u013eadom zo strany okolia a slab\u0161ia verzia ozna\u010den\u00e1 ako Viagra obsahuje v jednej kapsule Tadalafil. Narozdiel od liekov produkovan\u00fdch farmaceutick\u00fdmi spolo\u010dnos\u0165ami, zlep\u0161uje erekciu, od\u010fa\u013euje ejakul\u00e1ciu, &hellip; <\/p>\n","protected":false},"author":1,"featured_media":0,"parent":0,"menu_order":0,"comment_status":"closed","ping_status":"closed","template":"","meta":[],"_links":{"self":[{"href":"http:\/\/barfly-leipzig.de\/index.php\/wp-json\/wp\/v2\/pages\/2849"}],"collection":[{"href":"http:\/\/barfly-leipzig.de\/index.php\/wp-json\/wp\/v2\/pages"}],"about":[{"href":"http:\/\/barfly-leipzig.de\/index.php\/wp-json\/wp\/v2\/types\/page"}],"author":[{"embeddable":true,"href":"http:\/\/barfly-leipzig.de\/index.php\/wp-json\/wp\/v2\/users\/1"}],"replies":[{"embeddable":true,"href":"http:\/\/barfly-leipzig.de\/index.php\/wp-json\/wp\/v2\/comments?post=2849"}],"version-history":[{"count":15,"href":"http:\/\/barfly-leipzig.de\/index.php\/wp-json\/wp\/v2\/pages\/2849\/revisions"}],"predecessor-version":[{"id":4252,"href":"http:\/\/barfly-leipzig.de\/index.php\/wp-json\/wp\/v2\/pages\/2849\/revisions\/4252"}],"wp:attachment":[{"href":"http:\/\/barfly-leipzig.de\/index.php\/wp-json\/wp\/v2\/media?parent=2849"}],"curies":[{"name":"wp","href":"https:\/\/api.w.org\/{rel}","templated":true}]}}