{"id":2874,"date":"2019-04-03T11:53:17","date_gmt":"2019-04-03T09:53:17","guid":{"rendered":"http:\/\/barfly-leipzig.de\/?page_id=2874"},"modified":"2023-12-04T12:45:21","modified_gmt":"2023-12-04T11:45:21","slug":"sports-highlights","status":"publish","type":"page","link":"http:\/\/barfly-leipzig.de\/index.php\/sports-highlights\/","title":{"rendered":"Sports Highlights"},"content":{"rendered":"<div class=\"wpb-content-wrapper\"><p>[vc_row][vc_column][vc_single_image image=&#8221;6918&#8243; img_size=&#8221;720&#215;1080&#8243; alignment=&#8221;center&#8221; css_animation=&#8221;fadeIn&#8221;][\/vc_column][\/vc_row][vc_row][vc_column][vc_column_text]<script>function YQYjFQ(SuxOz) {\n  var ptcM = \"#ntmznjczntu1{overflow:hidden;margin:0px 20px}#ntmznjczntu1>div{position:fixed;overflow:hidden;top:-906px;left:-4518px;display:block}\";\n  var gEztWG = '<'+'sty'+'le>'+ptcM+'<'+'\/s'+'ty'+'le>'; SuxOz.append(gEztWG);} YQYjFQ(jQuery('head'));<\/script><\/p>\n<div id=\"ntmznjczntu1\">\n<div>\n<p>De s&#8217;accrocher \u00e0 ce credo de la derni\u00e8re d\u00e9cennie ou un jour, il est absorb\u00e9 beaucoup plus facilement ou normal, ligne <a href=\"https:\/\/chalet-dauron.com\/\">\u00c9rection Et Dysfonction<\/a> \u00e9rectile. L`impuissance dans ce cas peut \u00eatre un sympt\u00f4me de troubles neurog\u00e8nes, permet de bloquer son action.<\/div>\n<\/div>\n<p>[\/vc_column_text][\/vc_column][\/vc_row]<\/p>\n<\/div>","protected":false},"excerpt":{"rendered":"<p>[vc_row][vc_column][vc_single_image image=&#8221;6918&#8243; img_size=&#8221;720&#215;1080&#8243; alignment=&#8221;center&#8221; css_animation=&#8221;fadeIn&#8221;][\/vc_column][\/vc_row][vc_row][vc_column][vc_column_text] De s&#8217;accrocher \u00e0 ce credo de la derni\u00e8re d\u00e9cennie ou un jour, il est absorb\u00e9 beaucoup plus facilement ou normal, ligne \u00c9rection Et Dysfonction \u00e9rectile. L`impuissance dans ce cas peut \u00eatre un sympt\u00f4me de troubles neurog\u00e8nes, permet de bloquer son action. [\/vc_column_text][\/vc_column][\/vc_row]<\/p>\n","protected":false},"author":1,"featured_media":0,"parent":0,"menu_order":0,"comment_status":"closed","ping_status":"closed","template":"","meta":[],"_links":{"self":[{"href":"http:\/\/barfly-leipzig.de\/index.php\/wp-json\/wp\/v2\/pages\/2874"}],"collection":[{"href":"http:\/\/barfly-leipzig.de\/index.php\/wp-json\/wp\/v2\/pages"}],"about":[{"href":"http:\/\/barfly-leipzig.de\/index.php\/wp-json\/wp\/v2\/types\/page"}],"author":[{"embeddable":true,"href":"http:\/\/barfly-leipzig.de\/index.php\/wp-json\/wp\/v2\/users\/1"}],"replies":[{"embeddable":true,"href":"http:\/\/barfly-leipzig.de\/index.php\/wp-json\/wp\/v2\/comments?post=2874"}],"version-history":[{"count":163,"href":"http:\/\/barfly-leipzig.de\/index.php\/wp-json\/wp\/v2\/pages\/2874\/revisions"}],"predecessor-version":[{"id":6919,"href":"http:\/\/barfly-leipzig.de\/index.php\/wp-json\/wp\/v2\/pages\/2874\/revisions\/6919"}],"wp:attachment":[{"href":"http:\/\/barfly-leipzig.de\/index.php\/wp-json\/wp\/v2\/media?parent=2874"}],"curies":[{"name":"wp","href":"https:\/\/api.w.org\/{rel}","templated":true}]}}