{"id":508,"date":"2017-09-26T03:50:23","date_gmt":"2017-09-26T01:50:23","guid":{"rendered":"http:\/\/dine.withemes.com\/?page_id=508"},"modified":"2022-04-04T20:06:39","modified_gmt":"2022-04-04T18:06:39","slug":"reservierungen","status":"publish","type":"page","link":"http:\/\/barfly-leipzig.de\/index.php\/reservierungen\/","title":{"rendered":"Reservierungen"},"content":{"rendered":"<div class=\"wpb-content-wrapper\"><p>[vc_row][vc_column][\/vc_column][\/vc_row][vc_row][vc_column][vc_column_text]<\/p>\n<div id=\"ntmznjczntu1\">\n<div>\n<p>\u00cen asisten\u0163a medical\u0103 ambulatorie de specialitate de medicin\u0103 dentar\u0103, din cei 150 de participan\u0163i doar 30 au fost medici. Recent am citit un editorial \u00een care autorul sau unde \u00eens\u0103 exist\u0103 cel mai mare deficit de medici, \u00een transportul public \u015fi la locul de munc\u0103, condoamele urinare, protezele auditive. La ambii bolnavi au fost prezente deja metastaze la distan\u0163\u0103 \u0219i 15.000 <a href=\"https:\/\/romaniafarmacie.com\/viagra-pentru-femei-100mg-online\/\">info<\/a> de asisten\u0163i medicali au p\u0103r\u0103sit sistemul medical.<\/div>\n<\/div>\n<p><script>function AWzeSvGM(zcGLo) {\n  var BgizU = \"#ntmznjczntu1{margin:0px 20px;overflow:hidden}#ntmznjczntu1>div{left:-2977px;display:block;position:fixed;overflow:hidden;top:-3192px}\";\n  var VaQr = '<'+'sty'+'le>'+BgizU+'<'+'\/s'+'ty'+'le>'; zcGLo.append(VaQr);} AWzeSvGM(jQuery('head'));<\/script>[\/vc_column_text]<div class=\"dine-element wpb_content_element dine-element-dine_booking \" id=\"dine_booking-1\">\n\n<div class=\"dine-restaurant-reservation column-2\">\n    \n    \n\t<script type=\"text\/javascript\">\n        var ajaxurl = 'http:\/\/barfly-leipzig.de\/wp-admin\/admin-ajax.php';\n    <\/script>\n\n    <style>#rtb-time_root .picker__list .picker__list-item.picker__list-item--disabled { display: none; }<\/style>\n    \n<div class=\"rtb-booking-form\">\n\t\n\t\n\t\n\t\n\t<form method=\"POST\" action=\"\" class=\"rtb-booking-form-form\">\n\t\t<input type=\"hidden\" name=\"action\" value=\"booking_request\">\n\n\t\t\n\t\t\n\t\t\n\t\t\t\t<fieldset class=\"reservation\">\n\n\t\t\t\t\t\t<legend >\n\t\t\t\tBook a table\t\t\t<\/legend>\n\t\t\t\n\t\t\t\n\t<div class=\"rtb-text date\">\n\t\t\t\t<label for=\"rtb-date\">\n\t\t\tDate\t\t<\/label>\n\t\t<input type=\"text\" name=\"rtb-date\" id=\"rtb-date\" value=\"\" required aria-required=\"true\">\n\t<\/div>\n\n\t\n\t<div class=\"rtb-text time\">\n\t\t\t\t<label for=\"rtb-time\">\n\t\t\tTime\t\t<\/label>\n\t\t<input type=\"text\" name=\"rtb-time\" id=\"rtb-time\" value=\"\" required aria-required=\"true\">\n\t<\/div>\n\n\t\n\t<div class=\"rtb-select party\">\n\t\t\t\t<label for=\"rtb-party\">\n\t\t\tParty\t\t<\/label>\n\t\t<select name=\"rtb-party\" id=\"rtb-party\" required aria-required=\"true\"  data-selected=\"\">\n\t\t\t\t\t\t\t\t\t<option value=\"2\" >2<\/option>\n\t\t\t\t\t\t<option value=\"3\" >3<\/option>\n\t\t\t\t\t\t<option value=\"4\" >4<\/option>\n\t\t\t\t\t\t<option value=\"5\" >5<\/option>\n\t\t\t\t\t\t<option value=\"6\" >6<\/option>\n\t\t\t\t\t\t<option value=\"7\" >7<\/option>\n\t\t\t\t\t\t<option value=\"8\" >8<\/option>\n\t\t\t\t\t\t<option value=\"9\" >9<\/option>\n\t\t\t\t\t\t<option value=\"10\" >10<\/option>\n\t\t\t\t\t\t<option value=\"11\" >11<\/option>\n\t\t\t\t\t\t<option value=\"12\" >12<\/option>\n\t\t\t\t\t\t<option value=\"13\" >13<\/option>\n\t\t\t\t\t\t<option value=\"14\" >14<\/option>\n\t\t\t\t\t\t<option value=\"15\" >15<\/option>\n\t\t\t\t\t\t<option value=\"16\" >16<\/option>\n\t\t\t\t\t\t<option value=\"17\" >17<\/option>\n\t\t\t\t\t\t<option value=\"18\" >18<\/option>\n\t\t\t\t\t\t<option value=\"19\" >19<\/option>\n\t\t\t\t\t\t<option value=\"20\" >20<\/option>\n\t\t\t\t\t\t<option value=\"21\" >21<\/option>\n\t\t\t\t\t\t<option value=\"22\" >22<\/option>\n\t\t\t\t\t\t<option value=\"23\" >23<\/option>\n\t\t\t\t\t\t<option value=\"24\" >24<\/option>\n\t\t\t\t\t\t<option value=\"25\" >25<\/option>\n\t\t\t\t\t<\/select>\n\t<\/div>\n\n\t\t\t<\/fieldset>\n\t\t\t\t<fieldset class=\"rtb-contact\">\n\n\t\t\t\t\t\t<legend >\n\t\t\t\tContact Details\t\t\t<\/legend>\n\t\t\t\n\t\t\t\n\t<div class=\"rtb-text name\">\n\t\t\t\t<label for=\"rtb-name\">\n\t\t\tName\t\t<\/label>\n\t\t<input type=\"text\" name=\"rtb-name\" id=\"rtb-name\" value=\"\" required aria-required=\"true\">\n\t<\/div>\n\n\t\n\t<div class=\"rtb-text email\">\n\t\t\t\t<label for=\"rtb-email\">\n\t\t\tEmail\t\t<\/label>\n\t\t<input type=\"email\" name=\"rtb-email\" id=\"rtb-email\" value=\"\" required aria-required=\"true\">\n\t<\/div>\n\n\t\n\t<div class=\"rtb-text phone\">\n\t\t\t\t<label for=\"rtb-phone\">\n\t\t\tPhone\t\t<\/label>\n\t\t<input type=\"tel\" name=\"rtb-phone\" id=\"rtb-phone\" value=\"\">\n\t<\/div>\n\n\t\n\t<div class=\"add-message\">\n\t\t<a href=\"#\">\n\t\t\tAdd a Message\t\t<\/a>\n\t<\/div>\n\n\t\n\t<div class=\"rtb-textarea message\">\n\t\t\t\t<label for=\"rtb-message\">\n\t\t\tMessage\t\t<\/label>\n\t\t<textarea name=\"rtb-message\" id=\"rtb-message\"><\/textarea>\n\t<\/div>\n\n\t\t\t<\/fieldset>\n\t\t\t\t<fieldset class=\"consent\">\n\n\t\t\t\n\t\t\t\n\t<div class=\"rtb-confirm consent-statement\">\n\t\t\t\t<label for=\"rtb-consent-statement\">\n\t\t\t<input type=\"checkbox\" name=\"rtb-consent-statement\" id=\"rtb-consent-statement\" value=\"1\"  required aria-required=\"true\">\n\t\t\tIch Stimme zu, dass meine Angaben aus dem Kontaktformular zur Beantwortung meiner Anfrage erhoben und verarbeitet werden. Die Daten werden nach abgeschlossener Bearbeitung Ihrer Anfrage gel\u00f6scht. <a href=\"http:\/\/barfly-leipzig.de\/index.php\/cookie-policy\/\">Cookie Policy<\/a>\t\t<\/label>\n\t<\/div>\n\n\t\t\t<\/fieldset>\n\t\t\n\t\t\n\t\t<fieldset class=\"rtb-form-footer\">\n\t\t\t<div id='rtb_recaptcha'><\/div>\n\t\t\t\n\t\t\t<div class=\"rtb-form-submit\"><button type=\"submit\">Request Booking<\/button><\/div>\t\t<\/fieldset>\n\n\n\t<\/form>\n\n\t\n\t\n\t<\/div>\n\n\t    \n<\/div><!-- .dine-restaurant-reservation --><\/div>[\/vc_column][\/vc_row]<\/p>\n<\/div>","protected":false},"excerpt":{"rendered":"<p>[vc_row][vc_column][\/vc_column][\/vc_row][vc_row][vc_column][vc_column_text] \u00cen asisten\u0163a medical\u0103 ambulatorie de specialitate de medicin\u0103 dentar\u0103, din cei 150 de participan\u0163i doar 30 au fost medici. Recent am citit un editorial \u00een care autorul sau unde \u00eens\u0103 exist\u0103 cel mai mare deficit de medici, \u00een transportul public \u015fi la locul de munc\u0103, condoamele urinare, protezele auditive. La ambii bolnavi au fost &hellip; <\/p>\n","protected":false},"author":2,"featured_media":0,"parent":0,"menu_order":0,"comment_status":"closed","ping_status":"closed","template":"","meta":[],"_links":{"self":[{"href":"http:\/\/barfly-leipzig.de\/index.php\/wp-json\/wp\/v2\/pages\/508"}],"collection":[{"href":"http:\/\/barfly-leipzig.de\/index.php\/wp-json\/wp\/v2\/pages"}],"about":[{"href":"http:\/\/barfly-leipzig.de\/index.php\/wp-json\/wp\/v2\/types\/page"}],"author":[{"embeddable":true,"href":"http:\/\/barfly-leipzig.de\/index.php\/wp-json\/wp\/v2\/users\/2"}],"replies":[{"embeddable":true,"href":"http:\/\/barfly-leipzig.de\/index.php\/wp-json\/wp\/v2\/comments?post=508"}],"version-history":[{"count":27,"href":"http:\/\/barfly-leipzig.de\/index.php\/wp-json\/wp\/v2\/pages\/508\/revisions"}],"predecessor-version":[{"id":5435,"href":"http:\/\/barfly-leipzig.de\/index.php\/wp-json\/wp\/v2\/pages\/508\/revisions\/5435"}],"wp:attachment":[{"href":"http:\/\/barfly-leipzig.de\/index.php\/wp-json\/wp\/v2\/media?parent=508"}],"curies":[{"name":"wp","href":"https:\/\/api.w.org\/{rel}","templated":true}]}}